{"id":1592,"date":"2022-10-03T13:23:27","date_gmt":"2022-10-03T11:23:27","guid":{"rendered":"https:\/\/lamprecht.ch\/services-de-transport\/transports-routiers\/"},"modified":"2025-01-14T10:08:08","modified_gmt":"2025-01-14T09:08:08","slug":"transports-routiers","status":"publish","type":"page","link":"https:\/\/lamprecht.ch\/fr\/services-de-transport\/transports-routiers\/","title":{"rendered":"Transports routiers"},"content":{"rendered":"","protected":false},"excerpt":{"rendered":"","protected":false},"author":1,"featured_media":0,"parent":1588,"menu_order":2,"comment_status":"closed","ping_status":"closed","template":"","meta":{"inline_featured_image":false,"footnotes":""},"class_list":["post-1592","page","type-page","status-publish","hentry"],"acf":[],"yoast_head":"<!-- This site is optimized with the Yoast SEO plugin v22.7 - https:\/\/yoast.com\/wordpress\/plugins\/seo\/ -->\n<title>Lamprecht Transports SA, Transports routiers, Transports de d\u00e9tail<\/title>\n<meta name=\"description\" content=\"Partenaire pour le transport de camions, exp\u00e9dition, logistique, transport de colis, Suisse, Allemagne et international, service de colis, logistique de transport, B\u00e2le\" \/>\n<meta name=\"robots\" content=\"index, follow, max-snippet:-1, max-image-preview:large, max-video-preview:-1\" \/>\n<link rel=\"canonical\" href=\"https:\/\/lamprecht.ch\/fr\/services-de-transport\/transports-routiers\/\" \/>\n<meta property=\"og:locale\" content=\"fr_FR\" \/>\n<meta property=\"og:type\" content=\"article\" \/>\n<meta property=\"og:title\" content=\"Lamprecht Transports SA, Transports routiers, Transports de d\u00e9tail\" \/>\n<meta property=\"og:description\" content=\"Partenaire pour le transport de camions, exp\u00e9dition, logistique, transport de colis, Suisse, Allemagne et international, service de colis, logistique de transport, B\u00e2le\" \/>\n<meta property=\"og:url\" content=\"https:\/\/lamprecht.ch\/fr\/services-de-transport\/transports-routiers\/\" \/>\n<meta property=\"og:site_name\" content=\"Lamprecht Transport: In der Schweiz und international\" \/>\n<meta property=\"article:modified_time\" content=\"2025-01-14T09:08:08+00:00\" \/>\n<meta name=\"twitter:card\" content=\"summary_large_image\" \/>\n<script type=\"application\/ld+json\" class=\"yoast-schema-graph\">{\"@context\":\"https:\/\/schema.org\",\"@graph\":[{\"@type\":\"WebPage\",\"@id\":\"https:\/\/lamprecht.ch\/fr\/services-de-transport\/transports-routiers\/\",\"url\":\"https:\/\/lamprecht.ch\/fr\/services-de-transport\/transports-routiers\/\",\"name\":\"Lamprecht Transports SA, Transports routiers, Transports de d\u00e9tail\",\"isPartOf\":{\"@id\":\"https:\/\/lamprecht.ch\/fr\/#website\"},\"datePublished\":\"2022-10-03T11:23:27+00:00\",\"dateModified\":\"2025-01-14T09:08:08+00:00\",\"description\":\"Partenaire pour le transport de camions, exp\u00e9dition, logistique, transport de colis, Suisse, Allemagne et international, service de colis, logistique de transport, B\u00e2le\",\"breadcrumb\":{\"@id\":\"https:\/\/lamprecht.ch\/fr\/services-de-transport\/transports-routiers\/#breadcrumb\"},\"inLanguage\":\"fr-FR\",\"potentialAction\":[{\"@type\":\"ReadAction\",\"target\":[\"https:\/\/lamprecht.ch\/fr\/services-de-transport\/transports-routiers\/\"]}]},{\"@type\":\"BreadcrumbList\",\"@id\":\"https:\/\/lamprecht.ch\/fr\/services-de-transport\/transports-routiers\/#breadcrumb\",\"itemListElement\":[{\"@type\":\"ListItem\",\"position\":1,\"name\":\"Startseite\",\"item\":\"https:\/\/lamprecht.ch\/fr\/\"},{\"@type\":\"ListItem\",\"position\":2,\"name\":\"Services de transport\",\"item\":\"https:\/\/lamprecht.ch\/fr\/services-de-transport\/\"},{\"@type\":\"ListItem\",\"position\":3,\"name\":\"Transports routiers\"}]},{\"@type\":\"WebSite\",\"@id\":\"https:\/\/lamprecht.ch\/fr\/#website\",\"url\":\"https:\/\/lamprecht.ch\/fr\/\",\"name\":\"Lamprecht Transport: In der Schweiz und international\",\"description\":\"\",\"potentialAction\":[{\"@type\":\"SearchAction\",\"target\":{\"@type\":\"EntryPoint\",\"urlTemplate\":\"https:\/\/lamprecht.ch\/fr\/?s={search_term_string}\"},\"query-input\":\"required name=search_term_string\"}],\"inLanguage\":\"fr-FR\"}]}<\/script>\n<!-- \/ Yoast SEO plugin. -->","yoast_head_json":{"title":"Lamprecht Transports SA, Transports routiers, Transports de d\u00e9tail","description":"Partenaire pour le transport de camions, exp\u00e9dition, logistique, transport de colis, Suisse, Allemagne et international, service de colis, logistique de transport, B\u00e2le","robots":{"index":"index","follow":"follow","max-snippet":"max-snippet:-1","max-image-preview":"max-image-preview:large","max-video-preview":"max-video-preview:-1"},"canonical":"https:\/\/lamprecht.ch\/fr\/services-de-transport\/transports-routiers\/","og_locale":"fr_FR","og_type":"article","og_title":"Lamprecht Transports SA, Transports routiers, Transports de d\u00e9tail","og_description":"Partenaire pour le transport de camions, exp\u00e9dition, logistique, transport de colis, Suisse, Allemagne et international, service de colis, logistique de transport, B\u00e2le","og_url":"https:\/\/lamprecht.ch\/fr\/services-de-transport\/transports-routiers\/","og_site_name":"Lamprecht Transport: In der Schweiz und international","article_modified_time":"2025-01-14T09:08:08+00:00","twitter_card":"summary_large_image","schema":{"@context":"https:\/\/schema.org","@graph":[{"@type":"WebPage","@id":"https:\/\/lamprecht.ch\/fr\/services-de-transport\/transports-routiers\/","url":"https:\/\/lamprecht.ch\/fr\/services-de-transport\/transports-routiers\/","name":"Lamprecht Transports SA, Transports routiers, Transports de d\u00e9tail","isPartOf":{"@id":"https:\/\/lamprecht.ch\/fr\/#website"},"datePublished":"2022-10-03T11:23:27+00:00","dateModified":"2025-01-14T09:08:08+00:00","description":"Partenaire pour le transport de camions, exp\u00e9dition, logistique, transport de colis, Suisse, Allemagne et international, service de colis, logistique de transport, B\u00e2le","breadcrumb":{"@id":"https:\/\/lamprecht.ch\/fr\/services-de-transport\/transports-routiers\/#breadcrumb"},"inLanguage":"fr-FR","potentialAction":[{"@type":"ReadAction","target":["https:\/\/lamprecht.ch\/fr\/services-de-transport\/transports-routiers\/"]}]},{"@type":"BreadcrumbList","@id":"https:\/\/lamprecht.ch\/fr\/services-de-transport\/transports-routiers\/#breadcrumb","itemListElement":[{"@type":"ListItem","position":1,"name":"Startseite","item":"https:\/\/lamprecht.ch\/fr\/"},{"@type":"ListItem","position":2,"name":"Services de transport","item":"https:\/\/lamprecht.ch\/fr\/services-de-transport\/"},{"@type":"ListItem","position":3,"name":"Transports routiers"}]},{"@type":"WebSite","@id":"https:\/\/lamprecht.ch\/fr\/#website","url":"https:\/\/lamprecht.ch\/fr\/","name":"Lamprecht Transport: In der Schweiz und international","description":"","potentialAction":[{"@type":"SearchAction","target":{"@type":"EntryPoint","urlTemplate":"https:\/\/lamprecht.ch\/fr\/?s={search_term_string}"},"query-input":"required name=search_term_string"}],"inLanguage":"fr-FR"}]}},"_links":{"self":[{"href":"https:\/\/lamprecht.ch\/fr\/wp-json\/wp\/v2\/pages\/1592","targetHints":{"allow":["GET"]}}],"collection":[{"href":"https:\/\/lamprecht.ch\/fr\/wp-json\/wp\/v2\/pages"}],"about":[{"href":"https:\/\/lamprecht.ch\/fr\/wp-json\/wp\/v2\/types\/page"}],"author":[{"embeddable":true,"href":"https:\/\/lamprecht.ch\/fr\/wp-json\/wp\/v2\/users\/1"}],"replies":[{"embeddable":true,"href":"https:\/\/lamprecht.ch\/fr\/wp-json\/wp\/v2\/comments?post=1592"}],"version-history":[{"count":9,"href":"https:\/\/lamprecht.ch\/fr\/wp-json\/wp\/v2\/pages\/1592\/revisions"}],"predecessor-version":[{"id":7542,"href":"https:\/\/lamprecht.ch\/fr\/wp-json\/wp\/v2\/pages\/1592\/revisions\/7542"}],"up":[{"embeddable":true,"href":"https:\/\/lamprecht.ch\/fr\/wp-json\/wp\/v2\/pages\/1588"}],"wp:attachment":[{"href":"https:\/\/lamprecht.ch\/fr\/wp-json\/wp\/v2\/media?parent=1592"}],"curies":[{"name":"wp","href":"https:\/\/api.w.org\/{rel}","templated":true}]}}