{"id":1594,"date":"2022-10-03T13:23:42","date_gmt":"2022-10-03T11:23:42","guid":{"rendered":"https:\/\/lamprecht.ch\/services-de-transport\/transports-de-projets\/"},"modified":"2023-03-23T11:13:45","modified_gmt":"2023-03-23T10:13:45","slug":"transports-de-projets","status":"publish","type":"page","link":"https:\/\/lamprecht.ch\/fr\/services-de-transport\/transports-de-projets\/","title":{"rendered":"Transports de projets"},"content":{"rendered":"","protected":false},"excerpt":{"rendered":"","protected":false},"author":1,"featured_media":0,"parent":1588,"menu_order":4,"comment_status":"closed","ping_status":"closed","template":"","meta":{"inline_featured_image":false,"footnotes":""},"class_list":["post-1594","page","type-page","status-publish","hentry"],"acf":[],"yoast_head":"<!-- This site is optimized with the Yoast SEO plugin v22.7 - https:\/\/yoast.com\/wordpress\/plugins\/seo\/ -->\n<title>Lamprecht Transports SA, Transports de projets, transports sp\u00e9ciaux<\/title>\n<meta name=\"description\" content=\"Partenaire pour les transports de projets, les transports sp\u00e9ciaux, la logistique de projets, les transports de marchandises de d\u00e9tail et les marchandises dangereuses. Exp\u00e9dition de marchandises dangereuses, entreprises de transport en Suisse\" \/>\n<meta name=\"robots\" content=\"index, follow, max-snippet:-1, max-image-preview:large, max-video-preview:-1\" \/>\n<link rel=\"canonical\" href=\"https:\/\/lamprecht.ch\/fr\/services-de-transport\/transports-de-projets\/\" \/>\n<meta property=\"og:locale\" content=\"fr_FR\" \/>\n<meta property=\"og:type\" content=\"article\" \/>\n<meta property=\"og:title\" content=\"Lamprecht Transports SA, Transports de projets, transports sp\u00e9ciaux\" \/>\n<meta property=\"og:description\" content=\"Partenaire pour les transports de projets, les transports sp\u00e9ciaux, la logistique de projets, les transports de marchandises de d\u00e9tail et les marchandises dangereuses. Exp\u00e9dition de marchandises dangereuses, entreprises de transport en Suisse\" \/>\n<meta property=\"og:url\" content=\"https:\/\/lamprecht.ch\/fr\/services-de-transport\/transports-de-projets\/\" \/>\n<meta property=\"og:site_name\" content=\"Lamprecht Transport: In der Schweiz und international\" \/>\n<meta property=\"article:modified_time\" content=\"2023-03-23T10:13:45+00:00\" \/>\n<meta name=\"twitter:card\" content=\"summary_large_image\" \/>\n<script type=\"application\/ld+json\" class=\"yoast-schema-graph\">{\"@context\":\"https:\/\/schema.org\",\"@graph\":[{\"@type\":\"WebPage\",\"@id\":\"https:\/\/lamprecht.ch\/fr\/services-de-transport\/transports-de-projets\/\",\"url\":\"https:\/\/lamprecht.ch\/fr\/services-de-transport\/transports-de-projets\/\",\"name\":\"Lamprecht Transports SA, Transports de projets, transports sp\u00e9ciaux\",\"isPartOf\":{\"@id\":\"https:\/\/lamprecht.ch\/fr\/#website\"},\"datePublished\":\"2022-10-03T11:23:42+00:00\",\"dateModified\":\"2023-03-23T10:13:45+00:00\",\"description\":\"Partenaire pour les transports de projets, les transports sp\u00e9ciaux, la logistique de projets, les transports de marchandises de d\u00e9tail et les marchandises dangereuses. Exp\u00e9dition de marchandises dangereuses, entreprises de transport en Suisse\",\"breadcrumb\":{\"@id\":\"https:\/\/lamprecht.ch\/fr\/services-de-transport\/transports-de-projets\/#breadcrumb\"},\"inLanguage\":\"fr-FR\",\"potentialAction\":[{\"@type\":\"ReadAction\",\"target\":[\"https:\/\/lamprecht.ch\/fr\/services-de-transport\/transports-de-projets\/\"]}]},{\"@type\":\"BreadcrumbList\",\"@id\":\"https:\/\/lamprecht.ch\/fr\/services-de-transport\/transports-de-projets\/#breadcrumb\",\"itemListElement\":[{\"@type\":\"ListItem\",\"position\":1,\"name\":\"Startseite\",\"item\":\"https:\/\/lamprecht.ch\/fr\/\"},{\"@type\":\"ListItem\",\"position\":2,\"name\":\"Services de transport\",\"item\":\"https:\/\/lamprecht.ch\/fr\/services-de-transport\/\"},{\"@type\":\"ListItem\",\"position\":3,\"name\":\"Transports de projets\"}]},{\"@type\":\"WebSite\",\"@id\":\"https:\/\/lamprecht.ch\/fr\/#website\",\"url\":\"https:\/\/lamprecht.ch\/fr\/\",\"name\":\"Lamprecht Transport: In der Schweiz und international\",\"description\":\"\",\"potentialAction\":[{\"@type\":\"SearchAction\",\"target\":{\"@type\":\"EntryPoint\",\"urlTemplate\":\"https:\/\/lamprecht.ch\/fr\/?s={search_term_string}\"},\"query-input\":\"required name=search_term_string\"}],\"inLanguage\":\"fr-FR\"}]}<\/script>\n<!-- \/ Yoast SEO plugin. -->","yoast_head_json":{"title":"Lamprecht Transports SA, Transports de projets, transports sp\u00e9ciaux","description":"Partenaire pour les transports de projets, les transports sp\u00e9ciaux, la logistique de projets, les transports de marchandises de d\u00e9tail et les marchandises dangereuses. Exp\u00e9dition de marchandises dangereuses, entreprises de transport en Suisse","robots":{"index":"index","follow":"follow","max-snippet":"max-snippet:-1","max-image-preview":"max-image-preview:large","max-video-preview":"max-video-preview:-1"},"canonical":"https:\/\/lamprecht.ch\/fr\/services-de-transport\/transports-de-projets\/","og_locale":"fr_FR","og_type":"article","og_title":"Lamprecht Transports SA, Transports de projets, transports sp\u00e9ciaux","og_description":"Partenaire pour les transports de projets, les transports sp\u00e9ciaux, la logistique de projets, les transports de marchandises de d\u00e9tail et les marchandises dangereuses. Exp\u00e9dition de marchandises dangereuses, entreprises de transport en Suisse","og_url":"https:\/\/lamprecht.ch\/fr\/services-de-transport\/transports-de-projets\/","og_site_name":"Lamprecht Transport: In der Schweiz und international","article_modified_time":"2023-03-23T10:13:45+00:00","twitter_card":"summary_large_image","schema":{"@context":"https:\/\/schema.org","@graph":[{"@type":"WebPage","@id":"https:\/\/lamprecht.ch\/fr\/services-de-transport\/transports-de-projets\/","url":"https:\/\/lamprecht.ch\/fr\/services-de-transport\/transports-de-projets\/","name":"Lamprecht Transports SA, Transports de projets, transports sp\u00e9ciaux","isPartOf":{"@id":"https:\/\/lamprecht.ch\/fr\/#website"},"datePublished":"2022-10-03T11:23:42+00:00","dateModified":"2023-03-23T10:13:45+00:00","description":"Partenaire pour les transports de projets, les transports sp\u00e9ciaux, la logistique de projets, les transports de marchandises de d\u00e9tail et les marchandises dangereuses. Exp\u00e9dition de marchandises dangereuses, entreprises de transport en Suisse","breadcrumb":{"@id":"https:\/\/lamprecht.ch\/fr\/services-de-transport\/transports-de-projets\/#breadcrumb"},"inLanguage":"fr-FR","potentialAction":[{"@type":"ReadAction","target":["https:\/\/lamprecht.ch\/fr\/services-de-transport\/transports-de-projets\/"]}]},{"@type":"BreadcrumbList","@id":"https:\/\/lamprecht.ch\/fr\/services-de-transport\/transports-de-projets\/#breadcrumb","itemListElement":[{"@type":"ListItem","position":1,"name":"Startseite","item":"https:\/\/lamprecht.ch\/fr\/"},{"@type":"ListItem","position":2,"name":"Services de transport","item":"https:\/\/lamprecht.ch\/fr\/services-de-transport\/"},{"@type":"ListItem","position":3,"name":"Transports de projets"}]},{"@type":"WebSite","@id":"https:\/\/lamprecht.ch\/fr\/#website","url":"https:\/\/lamprecht.ch\/fr\/","name":"Lamprecht Transport: In der Schweiz und international","description":"","potentialAction":[{"@type":"SearchAction","target":{"@type":"EntryPoint","urlTemplate":"https:\/\/lamprecht.ch\/fr\/?s={search_term_string}"},"query-input":"required name=search_term_string"}],"inLanguage":"fr-FR"}]}},"_links":{"self":[{"href":"https:\/\/lamprecht.ch\/fr\/wp-json\/wp\/v2\/pages\/1594","targetHints":{"allow":["GET"]}}],"collection":[{"href":"https:\/\/lamprecht.ch\/fr\/wp-json\/wp\/v2\/pages"}],"about":[{"href":"https:\/\/lamprecht.ch\/fr\/wp-json\/wp\/v2\/types\/page"}],"author":[{"embeddable":true,"href":"https:\/\/lamprecht.ch\/fr\/wp-json\/wp\/v2\/users\/1"}],"replies":[{"embeddable":true,"href":"https:\/\/lamprecht.ch\/fr\/wp-json\/wp\/v2\/comments?post=1594"}],"version-history":[{"count":7,"href":"https:\/\/lamprecht.ch\/fr\/wp-json\/wp\/v2\/pages\/1594\/revisions"}],"predecessor-version":[{"id":1912,"href":"https:\/\/lamprecht.ch\/fr\/wp-json\/wp\/v2\/pages\/1594\/revisions\/1912"}],"up":[{"embeddable":true,"href":"https:\/\/lamprecht.ch\/fr\/wp-json\/wp\/v2\/pages\/1588"}],"wp:attachment":[{"href":"https:\/\/lamprecht.ch\/fr\/wp-json\/wp\/v2\/media?parent=1594"}],"curies":[{"name":"wp","href":"https:\/\/api.w.org\/{rel}","templated":true}]}}