{"id":1595,"date":"2022-10-03T13:24:16","date_gmt":"2022-10-03T11:24:16","guid":{"rendered":"https:\/\/lamprecht.ch\/solutions-logistiques\/"},"modified":"2023-07-18T13:06:47","modified_gmt":"2023-07-18T11:06:47","slug":"solutions-logistiques","status":"publish","type":"page","link":"https:\/\/lamprecht.ch\/fr\/solutions-logistiques\/","title":{"rendered":"Solutions logistiques"},"content":{"rendered":"","protected":false},"excerpt":{"rendered":"","protected":false},"author":1,"featured_media":0,"parent":0,"menu_order":2,"comment_status":"closed","ping_status":"closed","template":"","meta":{"inline_featured_image":false,"footnotes":""},"class_list":["post-1595","page","type-page","status-publish","hentry"],"acf":[],"yoast_head":"<!-- This site is optimized with the Yoast SEO plugin v22.7 - https:\/\/yoast.com\/wordpress\/plugins\/seo\/ -->\n<title>Lamprecht Transports SA, Logistique, logistique de stockage Suisse<\/title>\n<meta name=\"description\" content=\"Entreprise de logistique pour le stockage, la logistique de transport, la pr\u00e9paration de commandes avec son propre centre logistique, centre logistique \u00e0 Pratteln, B\u00e2le avec entrep\u00f4t \u00e0 hauts rayonnages\" \/>\n<meta name=\"robots\" content=\"index, follow, max-snippet:-1, max-image-preview:large, max-video-preview:-1\" \/>\n<link rel=\"canonical\" href=\"https:\/\/lamprecht.ch\/fr\/solutions-logistiques\/\" \/>\n<meta property=\"og:locale\" content=\"fr_FR\" \/>\n<meta property=\"og:type\" content=\"article\" \/>\n<meta property=\"og:title\" content=\"Lamprecht Transports SA, Logistique, logistique de stockage Suisse\" \/>\n<meta property=\"og:description\" content=\"Entreprise de logistique pour le stockage, la logistique de transport, la pr\u00e9paration de commandes avec son propre centre logistique, centre logistique \u00e0 Pratteln, B\u00e2le avec entrep\u00f4t \u00e0 hauts rayonnages\" \/>\n<meta property=\"og:url\" content=\"https:\/\/lamprecht.ch\/fr\/solutions-logistiques\/\" \/>\n<meta property=\"og:site_name\" content=\"Lamprecht Transport: In der Schweiz und international\" \/>\n<meta property=\"article:modified_time\" content=\"2023-07-18T11:06:47+00:00\" \/>\n<meta name=\"twitter:card\" content=\"summary_large_image\" \/>\n<script type=\"application\/ld+json\" class=\"yoast-schema-graph\">{\"@context\":\"https:\/\/schema.org\",\"@graph\":[{\"@type\":\"WebPage\",\"@id\":\"https:\/\/lamprecht.ch\/fr\/solutions-logistiques\/\",\"url\":\"https:\/\/lamprecht.ch\/fr\/solutions-logistiques\/\",\"name\":\"Lamprecht Transports SA, Logistique, logistique de stockage Suisse\",\"isPartOf\":{\"@id\":\"https:\/\/lamprecht.ch\/fr\/#website\"},\"datePublished\":\"2022-10-03T11:24:16+00:00\",\"dateModified\":\"2023-07-18T11:06:47+00:00\",\"description\":\"Entreprise de logistique pour le stockage, la logistique de transport, la pr\u00e9paration de commandes avec son propre centre logistique, centre logistique \u00e0 Pratteln, B\u00e2le avec entrep\u00f4t \u00e0 hauts rayonnages\",\"breadcrumb\":{\"@id\":\"https:\/\/lamprecht.ch\/fr\/solutions-logistiques\/#breadcrumb\"},\"inLanguage\":\"fr-FR\",\"potentialAction\":[{\"@type\":\"ReadAction\",\"target\":[\"https:\/\/lamprecht.ch\/fr\/solutions-logistiques\/\"]}]},{\"@type\":\"BreadcrumbList\",\"@id\":\"https:\/\/lamprecht.ch\/fr\/solutions-logistiques\/#breadcrumb\",\"itemListElement\":[{\"@type\":\"ListItem\",\"position\":1,\"name\":\"Startseite\",\"item\":\"https:\/\/lamprecht.ch\/fr\/\"},{\"@type\":\"ListItem\",\"position\":2,\"name\":\"Solutions logistiques\"}]},{\"@type\":\"WebSite\",\"@id\":\"https:\/\/lamprecht.ch\/fr\/#website\",\"url\":\"https:\/\/lamprecht.ch\/fr\/\",\"name\":\"Lamprecht Transport: In der Schweiz und international\",\"description\":\"\",\"potentialAction\":[{\"@type\":\"SearchAction\",\"target\":{\"@type\":\"EntryPoint\",\"urlTemplate\":\"https:\/\/lamprecht.ch\/fr\/?s={search_term_string}\"},\"query-input\":\"required name=search_term_string\"}],\"inLanguage\":\"fr-FR\"}]}<\/script>\n<!-- \/ Yoast SEO plugin. -->","yoast_head_json":{"title":"Lamprecht Transports SA, Logistique, logistique de stockage Suisse","description":"Entreprise de logistique pour le stockage, la logistique de transport, la pr\u00e9paration de commandes avec son propre centre logistique, centre logistique \u00e0 Pratteln, B\u00e2le avec entrep\u00f4t \u00e0 hauts rayonnages","robots":{"index":"index","follow":"follow","max-snippet":"max-snippet:-1","max-image-preview":"max-image-preview:large","max-video-preview":"max-video-preview:-1"},"canonical":"https:\/\/lamprecht.ch\/fr\/solutions-logistiques\/","og_locale":"fr_FR","og_type":"article","og_title":"Lamprecht Transports SA, Logistique, logistique de stockage Suisse","og_description":"Entreprise de logistique pour le stockage, la logistique de transport, la pr\u00e9paration de commandes avec son propre centre logistique, centre logistique \u00e0 Pratteln, B\u00e2le avec entrep\u00f4t \u00e0 hauts rayonnages","og_url":"https:\/\/lamprecht.ch\/fr\/solutions-logistiques\/","og_site_name":"Lamprecht Transport: In der Schweiz und international","article_modified_time":"2023-07-18T11:06:47+00:00","twitter_card":"summary_large_image","schema":{"@context":"https:\/\/schema.org","@graph":[{"@type":"WebPage","@id":"https:\/\/lamprecht.ch\/fr\/solutions-logistiques\/","url":"https:\/\/lamprecht.ch\/fr\/solutions-logistiques\/","name":"Lamprecht Transports SA, Logistique, logistique de stockage Suisse","isPartOf":{"@id":"https:\/\/lamprecht.ch\/fr\/#website"},"datePublished":"2022-10-03T11:24:16+00:00","dateModified":"2023-07-18T11:06:47+00:00","description":"Entreprise de logistique pour le stockage, la logistique de transport, la pr\u00e9paration de commandes avec son propre centre logistique, centre logistique \u00e0 Pratteln, B\u00e2le avec entrep\u00f4t \u00e0 hauts rayonnages","breadcrumb":{"@id":"https:\/\/lamprecht.ch\/fr\/solutions-logistiques\/#breadcrumb"},"inLanguage":"fr-FR","potentialAction":[{"@type":"ReadAction","target":["https:\/\/lamprecht.ch\/fr\/solutions-logistiques\/"]}]},{"@type":"BreadcrumbList","@id":"https:\/\/lamprecht.ch\/fr\/solutions-logistiques\/#breadcrumb","itemListElement":[{"@type":"ListItem","position":1,"name":"Startseite","item":"https:\/\/lamprecht.ch\/fr\/"},{"@type":"ListItem","position":2,"name":"Solutions logistiques"}]},{"@type":"WebSite","@id":"https:\/\/lamprecht.ch\/fr\/#website","url":"https:\/\/lamprecht.ch\/fr\/","name":"Lamprecht Transport: In der Schweiz und international","description":"","potentialAction":[{"@type":"SearchAction","target":{"@type":"EntryPoint","urlTemplate":"https:\/\/lamprecht.ch\/fr\/?s={search_term_string}"},"query-input":"required name=search_term_string"}],"inLanguage":"fr-FR"}]}},"_links":{"self":[{"href":"https:\/\/lamprecht.ch\/fr\/wp-json\/wp\/v2\/pages\/1595","targetHints":{"allow":["GET"]}}],"collection":[{"href":"https:\/\/lamprecht.ch\/fr\/wp-json\/wp\/v2\/pages"}],"about":[{"href":"https:\/\/lamprecht.ch\/fr\/wp-json\/wp\/v2\/types\/page"}],"author":[{"embeddable":true,"href":"https:\/\/lamprecht.ch\/fr\/wp-json\/wp\/v2\/users\/1"}],"replies":[{"embeddable":true,"href":"https:\/\/lamprecht.ch\/fr\/wp-json\/wp\/v2\/comments?post=1595"}],"version-history":[{"count":6,"href":"https:\/\/lamprecht.ch\/fr\/wp-json\/wp\/v2\/pages\/1595\/revisions"}],"predecessor-version":[{"id":2694,"href":"https:\/\/lamprecht.ch\/fr\/wp-json\/wp\/v2\/pages\/1595\/revisions\/2694"}],"wp:attachment":[{"href":"https:\/\/lamprecht.ch\/fr\/wp-json\/wp\/v2\/media?parent=1595"}],"curies":[{"name":"wp","href":"https:\/\/api.w.org\/{rel}","templated":true}]}}