{"id":1597,"date":"2022-10-03T13:25:58","date_gmt":"2022-10-03T11:25:58","guid":{"rendered":"https:\/\/lamprecht.ch\/sites\/"},"modified":"2026-03-05T10:45:36","modified_gmt":"2026-03-05T09:45:36","slug":"sites","status":"publish","type":"page","link":"https:\/\/lamprecht.ch\/fr\/sites\/","title":{"rendered":"Sites"},"content":{"rendered":"","protected":false},"excerpt":{"rendered":"","protected":false},"author":1,"featured_media":0,"parent":0,"menu_order":4,"comment_status":"closed","ping_status":"closed","template":"","meta":{"inline_featured_image":false,"footnotes":""},"class_list":["post-1597","page","type-page","status-publish","hentry"],"acf":[],"yoast_head":"<!-- This site is optimized with the Yoast SEO plugin v22.7 - https:\/\/yoast.com\/wordpress\/plugins\/seo\/ -->\n<title>Lamprecht Transports SA, Suisse, Etats-Unis, Duba\u00ef<\/title>\n<meta name=\"description\" content=\"Transports internationaux, logistique en Suisse, USA, EAU, B\u00e2le, Pratteln, Ramsen, St. Gallen, St. Margrethen, Embrach, Zurich A\u00e9roport, Gen\u00e8ve, Weil am Rhein\" \/>\n<meta name=\"robots\" content=\"index, follow, max-snippet:-1, max-image-preview:large, max-video-preview:-1\" \/>\n<link rel=\"canonical\" href=\"https:\/\/lamprecht.ch\/fr\/sites\/\" \/>\n<meta property=\"og:locale\" content=\"fr_FR\" \/>\n<meta property=\"og:type\" content=\"article\" \/>\n<meta property=\"og:title\" content=\"Lamprecht Transports SA, Suisse, Etats-Unis, Duba\u00ef\" \/>\n<meta property=\"og:description\" content=\"Transports internationaux, logistique en Suisse, USA, EAU, B\u00e2le, Pratteln, Ramsen, St. Gallen, St. Margrethen, Embrach, Zurich A\u00e9roport, Gen\u00e8ve, Weil am Rhein\" \/>\n<meta property=\"og:url\" content=\"https:\/\/lamprecht.ch\/fr\/sites\/\" \/>\n<meta property=\"og:site_name\" content=\"Lamprecht Transport: In der Schweiz und international\" \/>\n<meta property=\"article:modified_time\" content=\"2026-03-05T09:45:36+00:00\" \/>\n<meta name=\"twitter:card\" content=\"summary_large_image\" \/>\n<script type=\"application\/ld+json\" class=\"yoast-schema-graph\">{\"@context\":\"https:\/\/schema.org\",\"@graph\":[{\"@type\":\"WebPage\",\"@id\":\"https:\/\/lamprecht.ch\/fr\/sites\/\",\"url\":\"https:\/\/lamprecht.ch\/fr\/sites\/\",\"name\":\"Lamprecht Transports SA, Suisse, Etats-Unis, Duba\u00ef\",\"isPartOf\":{\"@id\":\"https:\/\/lamprecht.ch\/fr\/#website\"},\"datePublished\":\"2022-10-03T11:25:58+00:00\",\"dateModified\":\"2026-03-05T09:45:36+00:00\",\"description\":\"Transports internationaux, logistique en Suisse, USA, EAU, B\u00e2le, Pratteln, Ramsen, St. Gallen, St. Margrethen, Embrach, Zurich A\u00e9roport, Gen\u00e8ve, Weil am Rhein\",\"breadcrumb\":{\"@id\":\"https:\/\/lamprecht.ch\/fr\/sites\/#breadcrumb\"},\"inLanguage\":\"fr-FR\",\"potentialAction\":[{\"@type\":\"ReadAction\",\"target\":[\"https:\/\/lamprecht.ch\/fr\/sites\/\"]}]},{\"@type\":\"BreadcrumbList\",\"@id\":\"https:\/\/lamprecht.ch\/fr\/sites\/#breadcrumb\",\"itemListElement\":[{\"@type\":\"ListItem\",\"position\":1,\"name\":\"Startseite\",\"item\":\"https:\/\/lamprecht.ch\/fr\/\"},{\"@type\":\"ListItem\",\"position\":2,\"name\":\"Sites\"}]},{\"@type\":\"WebSite\",\"@id\":\"https:\/\/lamprecht.ch\/fr\/#website\",\"url\":\"https:\/\/lamprecht.ch\/fr\/\",\"name\":\"Lamprecht Transport: In der Schweiz und international\",\"description\":\"\",\"potentialAction\":[{\"@type\":\"SearchAction\",\"target\":{\"@type\":\"EntryPoint\",\"urlTemplate\":\"https:\/\/lamprecht.ch\/fr\/?s={search_term_string}\"},\"query-input\":\"required name=search_term_string\"}],\"inLanguage\":\"fr-FR\"}]}<\/script>\n<!-- \/ Yoast SEO plugin. -->","yoast_head_json":{"title":"Lamprecht Transports SA, Suisse, Etats-Unis, Duba\u00ef","description":"Transports internationaux, logistique en Suisse, USA, EAU, B\u00e2le, Pratteln, Ramsen, St. Gallen, St. Margrethen, Embrach, Zurich A\u00e9roport, Gen\u00e8ve, Weil am Rhein","robots":{"index":"index","follow":"follow","max-snippet":"max-snippet:-1","max-image-preview":"max-image-preview:large","max-video-preview":"max-video-preview:-1"},"canonical":"https:\/\/lamprecht.ch\/fr\/sites\/","og_locale":"fr_FR","og_type":"article","og_title":"Lamprecht Transports SA, Suisse, Etats-Unis, Duba\u00ef","og_description":"Transports internationaux, logistique en Suisse, USA, EAU, B\u00e2le, Pratteln, Ramsen, St. Gallen, St. Margrethen, Embrach, Zurich A\u00e9roport, Gen\u00e8ve, Weil am Rhein","og_url":"https:\/\/lamprecht.ch\/fr\/sites\/","og_site_name":"Lamprecht Transport: In der Schweiz und international","article_modified_time":"2026-03-05T09:45:36+00:00","twitter_card":"summary_large_image","schema":{"@context":"https:\/\/schema.org","@graph":[{"@type":"WebPage","@id":"https:\/\/lamprecht.ch\/fr\/sites\/","url":"https:\/\/lamprecht.ch\/fr\/sites\/","name":"Lamprecht Transports SA, Suisse, Etats-Unis, Duba\u00ef","isPartOf":{"@id":"https:\/\/lamprecht.ch\/fr\/#website"},"datePublished":"2022-10-03T11:25:58+00:00","dateModified":"2026-03-05T09:45:36+00:00","description":"Transports internationaux, logistique en Suisse, USA, EAU, B\u00e2le, Pratteln, Ramsen, St. Gallen, St. Margrethen, Embrach, Zurich A\u00e9roport, Gen\u00e8ve, Weil am Rhein","breadcrumb":{"@id":"https:\/\/lamprecht.ch\/fr\/sites\/#breadcrumb"},"inLanguage":"fr-FR","potentialAction":[{"@type":"ReadAction","target":["https:\/\/lamprecht.ch\/fr\/sites\/"]}]},{"@type":"BreadcrumbList","@id":"https:\/\/lamprecht.ch\/fr\/sites\/#breadcrumb","itemListElement":[{"@type":"ListItem","position":1,"name":"Startseite","item":"https:\/\/lamprecht.ch\/fr\/"},{"@type":"ListItem","position":2,"name":"Sites"}]},{"@type":"WebSite","@id":"https:\/\/lamprecht.ch\/fr\/#website","url":"https:\/\/lamprecht.ch\/fr\/","name":"Lamprecht Transport: In der Schweiz und international","description":"","potentialAction":[{"@type":"SearchAction","target":{"@type":"EntryPoint","urlTemplate":"https:\/\/lamprecht.ch\/fr\/?s={search_term_string}"},"query-input":"required name=search_term_string"}],"inLanguage":"fr-FR"}]}},"_links":{"self":[{"href":"https:\/\/lamprecht.ch\/fr\/wp-json\/wp\/v2\/pages\/1597","targetHints":{"allow":["GET"]}}],"collection":[{"href":"https:\/\/lamprecht.ch\/fr\/wp-json\/wp\/v2\/pages"}],"about":[{"href":"https:\/\/lamprecht.ch\/fr\/wp-json\/wp\/v2\/types\/page"}],"author":[{"embeddable":true,"href":"https:\/\/lamprecht.ch\/fr\/wp-json\/wp\/v2\/users\/1"}],"replies":[{"embeddable":true,"href":"https:\/\/lamprecht.ch\/fr\/wp-json\/wp\/v2\/comments?post=1597"}],"version-history":[{"count":31,"href":"https:\/\/lamprecht.ch\/fr\/wp-json\/wp\/v2\/pages\/1597\/revisions"}],"predecessor-version":[{"id":10306,"href":"https:\/\/lamprecht.ch\/fr\/wp-json\/wp\/v2\/pages\/1597\/revisions\/10306"}],"wp:attachment":[{"href":"https:\/\/lamprecht.ch\/fr\/wp-json\/wp\/v2\/media?parent=1597"}],"curies":[{"name":"wp","href":"https:\/\/api.w.org\/{rel}","templated":true}]}}